{"id":22341,"date":"2022-06-27T11:07:16","date_gmt":"2022-06-27T16:07:16","guid":{"rendered":"https:\/\/ottawajazzfestival.com\/covid-19-restrictions-et-mesures-preventives\/"},"modified":"2023-06-01T12:07:26","modified_gmt":"2023-06-01T16:07:26","slug":"covid-19-restrictions-et-mesures-preventives","status":"publish","type":"page","link":"https:\/\/ottawajazzfestival.com\/fr\/covid-19-restrictions-et-mesures-preventives\/","title":{"rendered":"COVID-19 : Restrictions et mesures pr\u00e9ventives."},"content":{"rendered":"<p>Le Festival de jazz d&rsquo;Ottawa alignera sa politique Covid sur toute r\u00e9glementation gouvernementale en mati\u00e8re de s\u00e9curit\u00e9, qu&rsquo;elle \u00e9mane des autorit\u00e9s municipales, provinciales ou f\u00e9d\u00e9rales, au fur et \u00e0 mesure qu&rsquo;elle se pr\u00e9sentera. \u00c0 l&rsquo;heure actuelle, il n&rsquo;y a pas d&rsquo;avis exigeant le port de masques ou la pr\u00e9sentation de certificats de vaccination pour tout festival ou \u00e9v\u00e9nement d&rsquo;arts de la sc\u00e8ne int\u00e9rieur\/ext\u00e9rieur.<\/p>\n<p>Cependant, nous avons pour habitude de demander aux clients, au personnel et aux b\u00e9n\u00e9voles de porter des masques lorsqu&rsquo;ils assistent \u00e0 des spectacles en salle et le port de masques est facultatif lorsqu&rsquo;ils se trouvent \u00e0 l&rsquo;ext\u00e9rieur dans le parc.<\/p>\n<p>De plus, cette ann\u00e9e, nous n&rsquo;utiliserons plus d&rsquo;argent liquide dans tous nos points de vente.<\/p>\n<p>Notre pr\u00e9occupation est naturellement la sant\u00e9 et la s\u00e9curit\u00e9 de chacun. Veuillez faire ce qui vous convient le mieux et vous met \u00e0 l&rsquo;aise, \u00e0 l&rsquo;exception des masques \u00e0 l&rsquo;int\u00e9rieur, vous \u00eates libre de faire ce que vous voulez.<\/p>\n<p>Catherine O&rsquo;Grady<br \/>\nProductrice ex\u00e9cutive<\/p>\n","protected":false},"excerpt":{"rendered":"<p>Le Festival de jazz d&rsquo;Ottawa alignera sa politique Covid sur toute r\u00e9glementation gouvernementale en mati\u00e8re de s\u00e9curit\u00e9, qu&rsquo;elle \u00e9mane des autorit\u00e9s municipales, provinciales ou f\u00e9d\u00e9rales, au fur et \u00e0 mesure qu&rsquo;elle se pr\u00e9sentera. \u00c0 l&rsquo;heure actuelle, il n&rsquo;y a pas d&rsquo;avis exigeant le port de masques ou la pr\u00e9sentation de certificats de vaccination pour tout [&hellip;]<\/p>\n","protected":false},"author":298,"featured_media":0,"parent":0,"menu_order":17,"comment_status":"closed","ping_status":"closed","template":"","meta":{"_acf_changed":false,"_seopress_robots_primary_cat":"","_seopress_titles_title":"","_seopress_titles_desc":"","_seopress_robots_index":"","footnotes":""},"class_list":["post-22341","page","type-page","status-publish","hentry"],"acf":[],"_links":{"self":[{"href":"https:\/\/ottawajazzfestival.com\/fr\/wp-json\/wp\/v2\/pages\/22341","targetHints":{"allow":["GET"]}}],"collection":[{"href":"https:\/\/ottawajazzfestival.com\/fr\/wp-json\/wp\/v2\/pages"}],"about":[{"href":"https:\/\/ottawajazzfestival.com\/fr\/wp-json\/wp\/v2\/types\/page"}],"author":[{"embeddable":true,"href":"https:\/\/ottawajazzfestival.com\/fr\/wp-json\/wp\/v2\/users\/298"}],"replies":[{"embeddable":true,"href":"https:\/\/ottawajazzfestival.com\/fr\/wp-json\/wp\/v2\/comments?post=22341"}],"version-history":[{"count":0,"href":"https:\/\/ottawajazzfestival.com\/fr\/wp-json\/wp\/v2\/pages\/22341\/revisions"}],"wp:attachment":[{"href":"https:\/\/ottawajazzfestival.com\/fr\/wp-json\/wp\/v2\/media?parent=22341"}],"curies":[{"name":"wp","href":"https:\/\/api.w.org\/{rel}","templated":true}]}}